{"id":3757,"date":"2020-06-22T08:15:52","date_gmt":"2020-06-22T08:15:52","guid":{"rendered":"http:\/\/wpdemo.archiwp.com\/theratio\/?page_id=3757"},"modified":"2020-06-22T08:15:52","modified_gmt":"2020-06-22T08:15:52","slug":"portfolio-grid-2-columns","status":"publish","type":"page","link":"https:\/\/ampulsepeti.com.tr\/index.php\/portfolio-grid-2-columns\/","title":{"rendered":"Portfolio Grid 2 Columns"},"content":{"rendered":"\t\t<div data-elementor-type=\"wp-page\" data-elementor-id=\"3757\" class=\"elementor elementor-3757\">\n\t\t\t\t\t\t<section class=\"elementor-section elementor-top-section elementor-element elementor-element-06d9224 elementor-section-boxed elementor-section-height-default elementor-section-height-default\" data-id=\"06d9224\" data-element_type=\"section\">\n\t\t\t\t\t\t<div class=\"elementor-container elementor-column-gap-default\">\n\t\t\t\t\t<div class=\"elementor-column elementor-col-100 elementor-top-column elementor-element elementor-element-d01a83e ot-flex-column-vertical\" data-id=\"d01a83e\" data-element_type=\"column\">\n\t\t\t<div class=\"elementor-widget-wrap elementor-element-populated\">\n\t\t\t\t\t\t<div class=\"elementor-element elementor-element-2c19bdf theratio-align-center elementor-widget elementor-widget-iheading\" data-id=\"2c19bdf\" data-element_type=\"widget\" data-widget_type=\"iheading.default\">\n\t\t\t\t<div class=\"elementor-widget-container\">\n\t\t\t\t\t\t\t<div class=\"ot-heading is-dots\">\r\n\t        <span>[ our portfolio ]<\/span>\t        <h2 class=\"main-heading\">Some of Our Works<br>  and Case Studies for Clients<\/h2>\t    <\/div>\r\n\t    \t\t\t\t<\/div>\n\t\t\t\t<\/div>\n\t\t\t\t<div class=\"elementor-element elementor-element-fce49c0 elementor-widget elementor-widget-ipfilter\" data-id=\"fce49c0\" data-element_type=\"widget\" data-widget_type=\"ipfilter.default\">\n\t\t\t\t<div class=\"elementor-widget-container\">\n\t\t\t\t\t\r\n\t\t<div class=\"project-filter-wrapper\">\r\n\t\t\t\t        \t<div class=\"container\">\r\n\t        \t\t<ul class=\"project_filters\">\r\n\t        \t\t\t\t        \t\t\t \t<li><a href=\"#\" data-filter=\"*\" class=\"selected btn-details\">All<span class=\"filter-count\"><\/span><\/a><\/li>\r\n\t        \t\t\t\t\t                \t\t                    <li>\r\n\t\t\t\t\t\t\t\t<a class=\"btn-details\" href='#' data-filter='.category-19'>Ayd\u0131nlatma<span class=\"filter-count\"><\/span><\/a>\r\n\t\t\t\t\t\t\t<\/li>\t                    \r\n\t\t                \t\t\t\t\t<\/ul>\r\n\t\t\t\t<\/div>\r\n\t        \t\t\t\t        <div class=\"projects-grid pf_2_cols style-1 img-scale w-auto\" data-load=\"2\" data-count=\"5\">\r\n\t\t\t<div class=\"grid-sizer\"><\/div>\r\n\t            \r\n<div class=\"project-item category-19 \">\r\n\t<div class=\"projects-box\">\r\n\t\t<div class=\"projects-thumbnail\" data-src=\"https:\/\/ampulsepeti.com.tr\/wp-content\/uploads\/2019\/11\/15.png\" data-sub-html=\"M\u00fcze Ayd\u0131nlatmas\u0131\">\r\n\t\t\t<a href=\"https:\/\/ampulsepeti.com.tr\/index.php\/portfolio\/muze-aydinlatmasi\/\">\r\n\t\t\t\t<img fetchpriority=\"high\" decoding=\"async\" width=\"720\" height=\"720\" src=\"https:\/\/ampulsepeti.com.tr\/wp-content\/uploads\/2019\/11\/15-720x720.png\" class=\"attachment-theratio-portfolio-thumbnail-grid size-theratio-portfolio-thumbnail-grid wp-post-image\" alt=\"\" srcset=\"https:\/\/ampulsepeti.com.tr\/wp-content\/uploads\/2019\/11\/15-720x720.png 720w, https:\/\/ampulsepeti.com.tr\/wp-content\/uploads\/2019\/11\/15-150x150.png 150w\" sizes=\"(max-width: 720px) 100vw, 720px\" \/>\t\t\t<\/a>\r\n\t\t\t\r\n\t\t\t<span class=\"overlay\">\r\n\t\t\t\t<h5>M\u00fcze Ayd\u0131nlatmas\u0131<\/h5>\r\n\t\t\t\t<i class=\"ot-flaticon-add\"><\/i>\r\n\t\t\t<\/span>\r\n\t\t<\/div>\r\n\t\t<div class=\"portfolio-info\">\r\n\t\t\t<div class=\"portfolio-info-inner\">\r\n\t\t\t\t<h5><a class=\"title-link\" href=\"https:\/\/ampulsepeti.com.tr\/index.php\/portfolio\/muze-aydinlatmasi\/\" data-src=\"https:\/\/ampulsepeti.com.tr\/wp-content\/uploads\/2019\/11\/15.png\" data-sub-html=\"M\u00fcze Ayd\u0131nlatmas\u0131\">M\u00fcze Ayd\u0131nlatmas\u0131<\/a><\/h5>\r\n\t\t\t\t<p class=\"portfolio-cates\"><a href=\"https:\/\/ampulsepeti.com.tr\/index.php\/portfolio-category\/aydinlatma\/\">Ayd\u0131nlatma<\/a><\/p> \r\n\t\t\t<\/div>\r\n\t\t\t<a class=\"overlay\" href=\"https:\/\/ampulsepeti.com.tr\/index.php\/portfolio\/muze-aydinlatmasi\/\"><\/a>\r\n\t\t<\/div>\r\n\t<\/div>\r\n<\/div>\r\n<div class=\"project-item category-19 \">\r\n\t<div class=\"projects-box\">\r\n\t\t<div class=\"projects-thumbnail\" data-src=\"https:\/\/ampulsepeti.com.tr\/wp-content\/uploads\/2019\/11\/sehir-aydinlatmasi.png\" data-sub-html=\"\u015eehir Ayd\u0131nlatmas\u0131\">\r\n\t\t\t<a href=\"https:\/\/ampulsepeti.com.tr\/index.php\/portfolio\/sehir-aydinlatmasi\/\">\r\n\t\t\t\t<img decoding=\"async\" width=\"720\" height=\"720\" src=\"https:\/\/ampulsepeti.com.tr\/wp-content\/uploads\/2019\/11\/sehir-aydinlatmasi-720x720.png\" class=\"attachment-theratio-portfolio-thumbnail-grid size-theratio-portfolio-thumbnail-grid wp-post-image\" alt=\"\" srcset=\"https:\/\/ampulsepeti.com.tr\/wp-content\/uploads\/2019\/11\/sehir-aydinlatmasi-720x720.png 720w, https:\/\/ampulsepeti.com.tr\/wp-content\/uploads\/2019\/11\/sehir-aydinlatmasi-150x150.png 150w\" sizes=\"(max-width: 720px) 100vw, 720px\" \/>\t\t\t<\/a>\r\n\t\t\t\r\n\t\t\t<span class=\"overlay\">\r\n\t\t\t\t<h5>\u015eehir Ayd\u0131nlatmas\u0131<\/h5>\r\n\t\t\t\t<i class=\"ot-flaticon-add\"><\/i>\r\n\t\t\t<\/span>\r\n\t\t<\/div>\r\n\t\t<div class=\"portfolio-info\">\r\n\t\t\t<div class=\"portfolio-info-inner\">\r\n\t\t\t\t<h5><a class=\"title-link\" href=\"https:\/\/ampulsepeti.com.tr\/index.php\/portfolio\/sehir-aydinlatmasi\/\" data-src=\"https:\/\/ampulsepeti.com.tr\/wp-content\/uploads\/2019\/11\/sehir-aydinlatmasi.png\" data-sub-html=\"\u015eehir Ayd\u0131nlatmas\u0131\">\u015eehir Ayd\u0131nlatmas\u0131<\/a><\/h5>\r\n\t\t\t\t<p class=\"portfolio-cates\"><a href=\"https:\/\/ampulsepeti.com.tr\/index.php\/portfolio-category\/aydinlatma\/\">Ayd\u0131nlatma<\/a><\/p> \r\n\t\t\t<\/div>\r\n\t\t\t<a class=\"overlay\" href=\"https:\/\/ampulsepeti.com.tr\/index.php\/portfolio\/sehir-aydinlatmasi\/\"><\/a>\r\n\t\t<\/div>\r\n\t<\/div>\r\n<\/div>\r\n<div class=\"project-item \">\r\n\t<div class=\"projects-box\">\r\n\t\t<div class=\"projects-thumbnail\" data-src=\"https:\/\/ampulsepeti.com.tr\/wp-content\/uploads\/2019\/11\/the-related.png\" data-sub-html=\"End\u00fcstriyel Ayd\u0131nlatma\">\r\n\t\t\t<a href=\"https:\/\/ampulsepeti.com.tr\/index.php\/portfolio\/endustriyel-aydinlatma\/\">\r\n\t\t\t\t<img decoding=\"async\" width=\"720\" height=\"720\" src=\"https:\/\/ampulsepeti.com.tr\/wp-content\/uploads\/2019\/11\/the-related-720x720.png\" class=\"attachment-theratio-portfolio-thumbnail-grid size-theratio-portfolio-thumbnail-grid wp-post-image\" alt=\"\" srcset=\"https:\/\/ampulsepeti.com.tr\/wp-content\/uploads\/2019\/11\/the-related-720x720.png 720w, https:\/\/ampulsepeti.com.tr\/wp-content\/uploads\/2019\/11\/the-related-150x150.png 150w\" sizes=\"(max-width: 720px) 100vw, 720px\" \/>\t\t\t<\/a>\r\n\t\t\t\r\n\t\t\t<span class=\"overlay\">\r\n\t\t\t\t<h5>End\u00fcstriyel Ayd\u0131nlatma<\/h5>\r\n\t\t\t\t<i class=\"ot-flaticon-add\"><\/i>\r\n\t\t\t<\/span>\r\n\t\t<\/div>\r\n\t\t<div class=\"portfolio-info\">\r\n\t\t\t<div class=\"portfolio-info-inner\">\r\n\t\t\t\t<h5><a class=\"title-link\" href=\"https:\/\/ampulsepeti.com.tr\/index.php\/portfolio\/endustriyel-aydinlatma\/\" data-src=\"https:\/\/ampulsepeti.com.tr\/wp-content\/uploads\/2019\/11\/the-related.png\" data-sub-html=\"End\u00fcstriyel Ayd\u0131nlatma\">End\u00fcstriyel Ayd\u0131nlatma<\/a><\/h5>\r\n\t\t\t\t \r\n\t\t\t<\/div>\r\n\t\t\t<a class=\"overlay\" href=\"https:\/\/ampulsepeti.com.tr\/index.php\/portfolio\/endustriyel-aydinlatma\/\"><\/a>\r\n\t\t<\/div>\r\n\t<\/div>\r\n<\/div>\r\n<div class=\"project-item \">\r\n\t<div class=\"projects-box\">\r\n\t\t<div class=\"projects-thumbnail\" data-src=\"https:\/\/ampulsepeti.com.tr\/wp-content\/uploads\/2019\/11\/hotel-lighninggngn-1.png\" data-sub-html=\"Otel Ayd\u0131nlatmas\u0131\">\r\n\t\t\t<a href=\"https:\/\/ampulsepeti.com.tr\/index.php\/portfolio\/otel-aydinlatmasi\/\">\r\n\t\t\t\t<img loading=\"lazy\" decoding=\"async\" width=\"720\" height=\"720\" src=\"https:\/\/ampulsepeti.com.tr\/wp-content\/uploads\/2019\/11\/hotel-lighninggngn-1-720x720.png\" class=\"attachment-theratio-portfolio-thumbnail-grid size-theratio-portfolio-thumbnail-grid wp-post-image\" alt=\"\" srcset=\"https:\/\/ampulsepeti.com.tr\/wp-content\/uploads\/2019\/11\/hotel-lighninggngn-1-720x720.png 720w, https:\/\/ampulsepeti.com.tr\/wp-content\/uploads\/2019\/11\/hotel-lighninggngn-1-150x150.png 150w\" sizes=\"(max-width: 720px) 100vw, 720px\" \/>\t\t\t<\/a>\r\n\t\t\t\r\n\t\t\t<span class=\"overlay\">\r\n\t\t\t\t<h5>Otel Ayd\u0131nlatmas\u0131<\/h5>\r\n\t\t\t\t<i class=\"ot-flaticon-add\"><\/i>\r\n\t\t\t<\/span>\r\n\t\t<\/div>\r\n\t\t<div class=\"portfolio-info\">\r\n\t\t\t<div class=\"portfolio-info-inner\">\r\n\t\t\t\t<h5><a class=\"title-link\" href=\"https:\/\/ampulsepeti.com.tr\/index.php\/portfolio\/otel-aydinlatmasi\/\" data-src=\"https:\/\/ampulsepeti.com.tr\/wp-content\/uploads\/2019\/11\/hotel-lighninggngn-1.png\" data-sub-html=\"Otel Ayd\u0131nlatmas\u0131\">Otel Ayd\u0131nlatmas\u0131<\/a><\/h5>\r\n\t\t\t\t \r\n\t\t\t<\/div>\r\n\t\t\t<a class=\"overlay\" href=\"https:\/\/ampulsepeti.com.tr\/index.php\/portfolio\/otel-aydinlatmasi\/\"><\/a>\r\n\t\t<\/div>\r\n\t<\/div>\r\n<\/div>\r\n<div class=\"project-item category-19 \">\r\n\t<div class=\"projects-box\">\r\n\t\t<div class=\"projects-thumbnail\" data-src=\"https:\/\/ampulsepeti.com.tr\/wp-content\/uploads\/2019\/11\/related-ofis.png\" data-sub-html=\"Ticari Binalar ve Ofis Ayd\u0131nlatmas\u0131\">\r\n\t\t\t<a href=\"https:\/\/ampulsepeti.com.tr\/index.php\/portfolio\/ticari-binalar-ve-ofis-aydinlatmasi\/\">\r\n\t\t\t\t<img loading=\"lazy\" decoding=\"async\" width=\"720\" height=\"720\" src=\"https:\/\/ampulsepeti.com.tr\/wp-content\/uploads\/2019\/11\/related-ofis-720x720.png\" class=\"attachment-theratio-portfolio-thumbnail-grid size-theratio-portfolio-thumbnail-grid wp-post-image\" alt=\"\" srcset=\"https:\/\/ampulsepeti.com.tr\/wp-content\/uploads\/2019\/11\/related-ofis-720x720.png 720w, https:\/\/ampulsepeti.com.tr\/wp-content\/uploads\/2019\/11\/related-ofis-150x150.png 150w\" sizes=\"(max-width: 720px) 100vw, 720px\" \/>\t\t\t<\/a>\r\n\t\t\t\r\n\t\t\t<span class=\"overlay\">\r\n\t\t\t\t<h5>Ticari Binalar ve Ofis Ayd\u0131nlatmas\u0131<\/h5>\r\n\t\t\t\t<i class=\"ot-flaticon-add\"><\/i>\r\n\t\t\t<\/span>\r\n\t\t<\/div>\r\n\t\t<div class=\"portfolio-info\">\r\n\t\t\t<div class=\"portfolio-info-inner\">\r\n\t\t\t\t<h5><a class=\"title-link\" href=\"https:\/\/ampulsepeti.com.tr\/index.php\/portfolio\/ticari-binalar-ve-ofis-aydinlatmasi\/\" data-src=\"https:\/\/ampulsepeti.com.tr\/wp-content\/uploads\/2019\/11\/related-ofis.png\" data-sub-html=\"Ticari Binalar ve Ofis Ayd\u0131nlatmas\u0131\">Ticari Binalar ve Ofis Ayd\u0131nlatmas\u0131<\/a><\/h5>\r\n\t\t\t\t<p class=\"portfolio-cates\"><a href=\"https:\/\/ampulsepeti.com.tr\/index.php\/portfolio-category\/aydinlatma\/\">Ayd\u0131nlatma<\/a><\/p> \r\n\t\t\t<\/div>\r\n\t\t\t<a class=\"overlay\" href=\"https:\/\/ampulsepeti.com.tr\/index.php\/portfolio\/ticari-binalar-ve-ofis-aydinlatmasi\/\"><\/a>\r\n\t\t<\/div>\r\n\t<\/div>\r\n<\/div>\t\t\t<\/div>\r\n\r\n\t\t\t\t    <\/div>\r\n\t\t\t\t\t\t\t\t\t\t\r\n\t    \t\t\t\t<\/div>\n\t\t\t\t<\/div>\n\t\t\t\t\t<\/div>\n\t\t<\/div>\n\t\t\t\t\t<\/div>\n\t\t<\/section>\n\t\t\t\t<\/div>\n\t\t","protected":false},"excerpt":{"rendered":"<p>[ our portfolio ] Some of Our Works and Case Studies for Clients All Architecture Decor Furniture Interior Stylish Family Appartment Interior Minimalistic Style Appartment DecorInterior Art Family Residence Architecture Private House in Spain Furniture Modern Villa in Belgium Furniture Minimal Guests House FurnitureInterior Load More<\/p>\n","protected":false},"author":1,"featured_media":0,"parent":0,"menu_order":0,"comment_status":"closed","ping_status":"closed","template":"","meta":{"footnotes":""},"class_list":["post-3757","page","type-page","status-publish","hentry"],"_links":{"self":[{"href":"https:\/\/ampulsepeti.com.tr\/index.php\/wp-json\/wp\/v2\/pages\/3757","targetHints":{"allow":["GET"]}}],"collection":[{"href":"https:\/\/ampulsepeti.com.tr\/index.php\/wp-json\/wp\/v2\/pages"}],"about":[{"href":"https:\/\/ampulsepeti.com.tr\/index.php\/wp-json\/wp\/v2\/types\/page"}],"author":[{"embeddable":true,"href":"https:\/\/ampulsepeti.com.tr\/index.php\/wp-json\/wp\/v2\/users\/1"}],"replies":[{"embeddable":true,"href":"https:\/\/ampulsepeti.com.tr\/index.php\/wp-json\/wp\/v2\/comments?post=3757"}],"version-history":[{"count":0,"href":"https:\/\/ampulsepeti.com.tr\/index.php\/wp-json\/wp\/v2\/pages\/3757\/revisions"}],"wp:attachment":[{"href":"https:\/\/ampulsepeti.com.tr\/index.php\/wp-json\/wp\/v2\/media?parent=3757"}],"curies":[{"name":"wp","href":"https:\/\/api.w.org\/{rel}","templated":true}]}}